{"id":322,"date":"2025-08-24T18:04:58","date_gmt":"2025-08-24T16:04:58","guid":{"rendered":"https:\/\/stahlblut.de\/?page_id=322"},"modified":"2025-08-24T18:11:45","modified_gmt":"2025-08-24T16:11:45","slug":"block-0014","status":"publish","type":"page","link":"https:\/\/stahlblut.de\/?page_id=322","title":{"rendered":"Block 0014"},"content":{"rendered":"\n<p>Die 14. von maximal 9999 Bitcoin Block Leuchten<\/p>\n\n\n\n<figure class=\"wp-block-gallery has-nested-images columns-default is-cropped wp-block-gallery-1 is-layout-flex wp-block-gallery-is-layout-flex\">\n<figure data-wp-context=\"{&quot;imageId&quot;:&quot;69e4e99cbf288&quot;}\" data-wp-interactive=\"core\/image\" data-wp-key=\"69e4e99cbf288\" class=\"wp-block-image size-large wp-lightbox-container\"><img loading=\"lazy\" decoding=\"async\" width=\"1024\" height=\"1004\" data-wp-class--hide=\"state.isContentHidden\" data-wp-class--show=\"state.isContentVisible\" data-wp-init=\"callbacks.setButtonStyles\" data-wp-on--click=\"actions.showLightbox\" data-wp-on--load=\"callbacks.setButtonStyles\" data-wp-on-window--resize=\"callbacks.setButtonStyles\" data-id=\"310\" src=\"https:\/\/stahlblut.de\/wp-content\/uploads\/2025\/08\/bitcoinblock0014an-1024x1004.jpg\" alt=\"\" class=\"wp-image-310\" srcset=\"https:\/\/stahlblut.de\/wp-content\/uploads\/2025\/08\/bitcoinblock0014an-1024x1004.jpg 1024w, https:\/\/stahlblut.de\/wp-content\/uploads\/2025\/08\/bitcoinblock0014an-300x294.jpg 300w, https:\/\/stahlblut.de\/wp-content\/uploads\/2025\/08\/bitcoinblock0014an-768x753.jpg 768w, https:\/\/stahlblut.de\/wp-content\/uploads\/2025\/08\/bitcoinblock0014an.jpg 1280w\" sizes=\"auto, (max-width: 1024px) 100vw, 1024px\" \/><button\n\t\t\tclass=\"lightbox-trigger\"\n\t\t\ttype=\"button\"\n\t\t\taria-haspopup=\"dialog\"\n\t\t\taria-label=\"Vergr\u00f6\u00dfern\"\n\t\t\tdata-wp-init=\"callbacks.initTriggerButton\"\n\t\t\tdata-wp-on--click=\"actions.showLightbox\"\n\t\t\tdata-wp-style--right=\"state.imageButtonRight\"\n\t\t\tdata-wp-style--top=\"state.imageButtonTop\"\n\t\t>\n\t\t\t<svg xmlns=\"http:\/\/www.w3.org\/2000\/svg\" width=\"12\" height=\"12\" fill=\"none\" viewBox=\"0 0 12 12\">\n\t\t\t\t<path fill=\"#fff\" d=\"M2 0a2 2 0 0 0-2 2v2h1.5V2a.5.5 0 0 1 .5-.5h2V0H2Zm2 10.5H2a.5.5 0 0 1-.5-.5V8H0v2a2 2 0 0 0 2 2h2v-1.5ZM8 12v-1.5h2a.5.5 0 0 0 .5-.5V8H12v2a2 2 0 0 1-2 2H8Zm2-12a2 2 0 0 1 2 2v2h-1.5V2a.5.5 0 0 0-.5-.5H8V0h2Z\" \/>\n\t\t\t<\/svg>\n\t\t<\/button><figcaption class=\"wp-element-caption\">Block 0014<\/figcaption><\/figure>\n\n\n\n<figure data-wp-context=\"{&quot;imageId&quot;:&quot;69e4e99cbf60f&quot;}\" data-wp-interactive=\"core\/image\" data-wp-key=\"69e4e99cbf60f\" class=\"wp-block-image size-large wp-lightbox-container\"><img loading=\"lazy\" decoding=\"async\" width=\"1024\" height=\"1004\" data-wp-class--hide=\"state.isContentHidden\" data-wp-class--show=\"state.isContentVisible\" data-wp-init=\"callbacks.setButtonStyles\" data-wp-on--click=\"actions.showLightbox\" data-wp-on--load=\"callbacks.setButtonStyles\" data-wp-on-window--resize=\"callbacks.setButtonStyles\" data-id=\"311\" src=\"https:\/\/stahlblut.de\/wp-content\/uploads\/2025\/08\/bitcoinblock0014aus-1024x1004.jpg\" alt=\"\" class=\"wp-image-311\" srcset=\"https:\/\/stahlblut.de\/wp-content\/uploads\/2025\/08\/bitcoinblock0014aus-1024x1004.jpg 1024w, https:\/\/stahlblut.de\/wp-content\/uploads\/2025\/08\/bitcoinblock0014aus-300x294.jpg 300w, https:\/\/stahlblut.de\/wp-content\/uploads\/2025\/08\/bitcoinblock0014aus-768x753.jpg 768w, https:\/\/stahlblut.de\/wp-content\/uploads\/2025\/08\/bitcoinblock0014aus-1536x1506.jpg 1536w, https:\/\/stahlblut.de\/wp-content\/uploads\/2025\/08\/bitcoinblock0014aus-2048x2008.jpg 2048w\" sizes=\"auto, (max-width: 1024px) 100vw, 1024px\" \/><button\n\t\t\tclass=\"lightbox-trigger\"\n\t\t\ttype=\"button\"\n\t\t\taria-haspopup=\"dialog\"\n\t\t\taria-label=\"Vergr\u00f6\u00dfern\"\n\t\t\tdata-wp-init=\"callbacks.initTriggerButton\"\n\t\t\tdata-wp-on--click=\"actions.showLightbox\"\n\t\t\tdata-wp-style--right=\"state.imageButtonRight\"\n\t\t\tdata-wp-style--top=\"state.imageButtonTop\"\n\t\t>\n\t\t\t<svg xmlns=\"http:\/\/www.w3.org\/2000\/svg\" width=\"12\" height=\"12\" fill=\"none\" viewBox=\"0 0 12 12\">\n\t\t\t\t<path fill=\"#fff\" d=\"M2 0a2 2 0 0 0-2 2v2h1.5V2a.5.5 0 0 1 .5-.5h2V0H2Zm2 10.5H2a.5.5 0 0 1-.5-.5V8H0v2a2 2 0 0 0 2 2h2v-1.5ZM8 12v-1.5h2a.5.5 0 0 0 .5-.5V8H12v2a2 2 0 0 1-2 2H8Zm2-12a2 2 0 0 1 2 2v2h-1.5V2a.5.5 0 0 0-.5-.5H8V0h2Z\" \/>\n\t\t\t<\/svg>\n\t\t<\/button><figcaption class=\"wp-element-caption\">Block 0014<\/figcaption><\/figure>\n\n\n\n<figure data-wp-context=\"{&quot;imageId&quot;:&quot;69e4e99cbf8e4&quot;}\" data-wp-interactive=\"core\/image\" data-wp-key=\"69e4e99cbf8e4\" class=\"wp-block-image size-large wp-lightbox-container\"><img loading=\"lazy\" decoding=\"async\" width=\"1024\" height=\"984\" data-wp-class--hide=\"state.isContentHidden\" data-wp-class--show=\"state.isContentVisible\" data-wp-init=\"callbacks.setButtonStyles\" data-wp-on--click=\"actions.showLightbox\" data-wp-on--load=\"callbacks.setButtonStyles\" data-wp-on-window--resize=\"callbacks.setButtonStyles\" data-id=\"306\" src=\"https:\/\/stahlblut.de\/wp-content\/uploads\/2025\/08\/bitcoinblock0014hinten-1024x984.jpg\" alt=\"\" class=\"wp-image-306\" srcset=\"https:\/\/stahlblut.de\/wp-content\/uploads\/2025\/08\/bitcoinblock0014hinten-1024x984.jpg 1024w, https:\/\/stahlblut.de\/wp-content\/uploads\/2025\/08\/bitcoinblock0014hinten-300x288.jpg 300w, https:\/\/stahlblut.de\/wp-content\/uploads\/2025\/08\/bitcoinblock0014hinten-768x738.jpg 768w, https:\/\/stahlblut.de\/wp-content\/uploads\/2025\/08\/bitcoinblock0014hinten.jpg 1280w\" sizes=\"auto, (max-width: 1024px) 100vw, 1024px\" \/><button\n\t\t\tclass=\"lightbox-trigger\"\n\t\t\ttype=\"button\"\n\t\t\taria-haspopup=\"dialog\"\n\t\t\taria-label=\"Vergr\u00f6\u00dfern\"\n\t\t\tdata-wp-init=\"callbacks.initTriggerButton\"\n\t\t\tdata-wp-on--click=\"actions.showLightbox\"\n\t\t\tdata-wp-style--right=\"state.imageButtonRight\"\n\t\t\tdata-wp-style--top=\"state.imageButtonTop\"\n\t\t>\n\t\t\t<svg xmlns=\"http:\/\/www.w3.org\/2000\/svg\" width=\"12\" height=\"12\" fill=\"none\" viewBox=\"0 0 12 12\">\n\t\t\t\t<path fill=\"#fff\" d=\"M2 0a2 2 0 0 0-2 2v2h1.5V2a.5.5 0 0 1 .5-.5h2V0H2Zm2 10.5H2a.5.5 0 0 1-.5-.5V8H0v2a2 2 0 0 0 2 2h2v-1.5ZM8 12v-1.5h2a.5.5 0 0 0 .5-.5V8H12v2a2 2 0 0 1-2 2H8Zm2-12a2 2 0 0 1 2 2v2h-1.5V2a.5.5 0 0 0-.5-.5H8V0h2Z\" \/>\n\t\t\t<\/svg>\n\t\t<\/button><figcaption class=\"wp-element-caption\">Block 0014<\/figcaption><\/figure>\n<\/figure>\n\n\n\n<p>Gr\u00f6\u00dfe: 25 x 25 cm<\/p>\n\n\n\n<p>Datum: 08.2025<\/p>\n\n\n\n<p>K\u00fcnstler: Michael Breunig<\/p>\n\n\n\n<p>Block: 0014<\/p>\n\n\n\n<p>Preis: 59,00 Euro \/ 0,00058 Bitcoin<\/p>\n\n\n\n<p>Die Leuchte hat einen Fehler in der linken unteren Ecke der Blende.<\/p>\n\n\n\n<p>Schreibe in den Kommentar, wie ich dich erreichen kann, wenn Du diese Leuchte erwerben m\u00f6chtest. <strong>Der Kommentar wird nicht ver\u00f6ffentlicht<\/strong>.<\/p>\n\n\n\n<div class=\"wp-block-buttons is-content-justification-center is-layout-flex wp-container-core-buttons-is-layout-a89b3969 wp-block-buttons-is-layout-flex\">\n<div class=\"wp-block-button is-style-fill\"><a class=\"wp-block-button__link has-accent-3-background-color has-background wp-element-button\" href=\"https:\/\/stahlblut.de\/?page_id=314\">Block 0013<\/a><\/div>\n\n\n\n<div class=\"wp-block-button\"><a class=\"wp-block-button__link has-contrast-background-color has-background wp-element-button\" href=\"https:\/\/stahlblut.de\/?page_id=314\">Block 0015<\/a><\/div>\n<\/div>\n\n\n\n<div class=\"wp-block-comments\">\n\n\t<div id=\"respond\" class=\"comment-respond wp-block-post-comments-form\">\n\t\t<h3 id=\"reply-title\" class=\"comment-reply-title\">Schreibe einen Kommentar<\/h3><form action=\"https:\/\/stahlblut.de\/wp-comments-post.php\" method=\"post\" id=\"commentform\" class=\"comment-form\"><p class=\"comment-notes\"><span id=\"email-notes\">Deine E-Mail-Adresse wird nicht ver\u00f6ffentlicht.<\/span> <span class=\"required-field-message\">Erforderliche Felder sind mit <span class=\"required\">*<\/span> markiert<\/span><\/p><p class=\"comment-form-comment\"><label for=\"comment\">Kommentar <span class=\"required\">*<\/span><\/label> <textarea id=\"comment\" name=\"comment\" cols=\"45\" rows=\"8\" maxlength=\"65525\" required><\/textarea><\/p><p class=\"comment-form-author\"><label for=\"author\">Name <span class=\"required\">*<\/span><\/label> <input id=\"author\" name=\"author\" type=\"text\" value=\"\" size=\"30\" maxlength=\"245\" autocomplete=\"name\" required \/><\/p>\n<p class=\"comment-form-email\"><label for=\"email\">E-Mail-Adresse <span class=\"required\">*<\/span><\/label> <input id=\"email\" name=\"email\" type=\"email\" value=\"\" size=\"30\" maxlength=\"100\" aria-describedby=\"email-notes\" autocomplete=\"email\" required \/><\/p>\n<p class=\"comment-form-url\"><label for=\"url\">Website<\/label> <input id=\"url\" name=\"url\" type=\"url\" value=\"\" size=\"30\" maxlength=\"200\" autocomplete=\"url\" \/><\/p>\n<p class=\"comment-form-cookies-consent\"><input id=\"wp-comment-cookies-consent\" name=\"wp-comment-cookies-consent\" type=\"checkbox\" value=\"yes\" \/> <label for=\"wp-comment-cookies-consent\">Name, E-Mail-Adresse und Website in diesem Browser f\u00fcr meinen n\u00e4chsten Kommentar speichern.<\/label><\/p>\n<p class=\"form-submit wp-block-button\"><input name=\"submit\" type=\"submit\" id=\"submit\" class=\"wp-block-button__link wp-element-button\" value=\"Kommentar abschicken\" \/> <input type='hidden' name='comment_post_ID' value='322' id='comment_post_ID' \/>\n<input type='hidden' name='comment_parent' id='comment_parent' value='0' \/>\n<\/p><\/form>\t<\/div><!-- #respond -->\n\t<\/div>\n","protected":false},"excerpt":{"rendered":"<p>Die 14. von maximal 9999 Bitcoin Block Leuchten Gr\u00f6\u00dfe: 25 x 25 cm Datum: 08.2025 K\u00fcnstler: Michael Breunig Block: 0014 Preis: 59,00 Euro \/ 0,00058 Bitcoin Die Leuchte hat einen Fehler in der linken unteren Ecke der Blende. Schreibe in den Kommentar, wie ich dich erreichen kann, wenn Du diese Leuchte erwerben m\u00f6chtest. Der Kommentar [&hellip;]<\/p>\n","protected":false},"author":1,"featured_media":0,"parent":0,"menu_order":0,"comment_status":"open","ping_status":"closed","template":"","meta":{"footnotes":""},"class_list":["post-322","page","type-page","status-publish","hentry"],"_links":{"self":[{"href":"https:\/\/stahlblut.de\/index.php?rest_route=\/wp\/v2\/pages\/322","targetHints":{"allow":["GET"]}}],"collection":[{"href":"https:\/\/stahlblut.de\/index.php?rest_route=\/wp\/v2\/pages"}],"about":[{"href":"https:\/\/stahlblut.de\/index.php?rest_route=\/wp\/v2\/types\/page"}],"author":[{"embeddable":true,"href":"https:\/\/stahlblut.de\/index.php?rest_route=\/wp\/v2\/users\/1"}],"replies":[{"embeddable":true,"href":"https:\/\/stahlblut.de\/index.php?rest_route=%2Fwp%2Fv2%2Fcomments&post=322"}],"version-history":[{"count":4,"href":"https:\/\/stahlblut.de\/index.php?rest_route=\/wp\/v2\/pages\/322\/revisions"}],"predecessor-version":[{"id":327,"href":"https:\/\/stahlblut.de\/index.php?rest_route=\/wp\/v2\/pages\/322\/revisions\/327"}],"wp:attachment":[{"href":"https:\/\/stahlblut.de\/index.php?rest_route=%2Fwp%2Fv2%2Fmedia&parent=322"}],"curies":[{"name":"wp","href":"https:\/\/api.w.org\/{rel}","templated":true}]}}