{"id":253,"date":"2025-08-16T17:49:03","date_gmt":"2025-08-16T15:49:03","guid":{"rendered":"https:\/\/stahlblut.de\/?page_id=253"},"modified":"2025-08-16T22:35:43","modified_gmt":"2025-08-16T20:35:43","slug":"materialliste-zum-selberbauen-einer-bitcoin-block-leuchte","status":"publish","type":"page","link":"https:\/\/stahlblut.de\/?page_id=253","title":{"rendered":"Materialliste zum selberbauen einer Bitcoin Block Leuchte"},"content":{"rendered":"\n<p>Wer eine Bitcoin Block Leuchte selber bauen m\u00f6chte, findet hier eine Materialliste, die man f\u00fcr den Bau dieser Leuchte ben\u00f6tigt.<\/p>\n\n\n\n<figure class=\"wp-block-image size-large\"><img loading=\"lazy\" decoding=\"async\" width=\"1024\" height=\"977\" src=\"https:\/\/stahlblut.de\/wp-content\/uploads\/2025\/08\/materialliste-1024x977.jpg\" alt=\"\" class=\"wp-image-252\" srcset=\"https:\/\/stahlblut.de\/wp-content\/uploads\/2025\/08\/materialliste-1024x977.jpg 1024w, https:\/\/stahlblut.de\/wp-content\/uploads\/2025\/08\/materialliste-300x286.jpg 300w, https:\/\/stahlblut.de\/wp-content\/uploads\/2025\/08\/materialliste-768x733.jpg 768w, https:\/\/stahlblut.de\/wp-content\/uploads\/2025\/08\/materialliste.jpg 1280w\" sizes=\"auto, (max-width: 1024px) 100vw, 1024px\" \/><\/figure>\n\n\n\n<ul class=\"wp-block-list\">\n<li>ca. 440 Mosaiksteine in verschiedenen Gr\u00f6\u00dfen\n<ul class=\"wp-block-list\">\n<li>Meine Steine haben alle eine H\u00f6he von 10 mm und folgende Gr\u00f6\u00dfen: 10&#215;10 mm, 20&#215;20 mm, 30&#215;30 mm und 40&#215;40 mm<\/li>\n<\/ul>\n<\/li>\n\n\n\n<li>4 Holzleisten 250x20x20 mm f\u00fcr das Lampengeh\u00e4use<\/li>\n\n\n\n<li>1 Pappelplatte 250x250x5 mm<\/li>\n\n\n\n<li>4 Holzleisten 30x250x5 mm f\u00fcr die Schattenblende der Lampe<\/li>\n\n\n\n<li>1 Meter USB COB LED Streifen<\/li>\n\n\n\n<li>1 USB-C Buchse<\/li>\n\n\n\n<li>1 Aufh\u00e4nger incl. Befestigungsschrauben<\/li>\n\n\n\n<li>1 Liter Epoxid- Harz und -H\u00e4rter<\/li>\n\n\n\n<li>100ml Holzleim<\/li>\n\n\n\n<li>2 Gramm Holzf\u00fcller<\/li>\n<\/ul>\n","protected":false},"excerpt":{"rendered":"<p>Wer eine Bitcoin Block Leuchte selber bauen m\u00f6chte, findet hier eine Materialliste, die man f\u00fcr den Bau dieser Leuchte ben\u00f6tigt.<\/p>\n","protected":false},"author":1,"featured_media":250,"parent":0,"menu_order":0,"comment_status":"closed","ping_status":"closed","template":"","meta":{"footnotes":""},"class_list":["post-253","page","type-page","status-publish","has-post-thumbnail","hentry"],"_links":{"self":[{"href":"https:\/\/stahlblut.de\/index.php?rest_route=\/wp\/v2\/pages\/253","targetHints":{"allow":["GET"]}}],"collection":[{"href":"https:\/\/stahlblut.de\/index.php?rest_route=\/wp\/v2\/pages"}],"about":[{"href":"https:\/\/stahlblut.de\/index.php?rest_route=\/wp\/v2\/types\/page"}],"author":[{"embeddable":true,"href":"https:\/\/stahlblut.de\/index.php?rest_route=\/wp\/v2\/users\/1"}],"replies":[{"embeddable":true,"href":"https:\/\/stahlblut.de\/index.php?rest_route=%2Fwp%2Fv2%2Fcomments&post=253"}],"version-history":[{"count":2,"href":"https:\/\/stahlblut.de\/index.php?rest_route=\/wp\/v2\/pages\/253\/revisions"}],"predecessor-version":[{"id":265,"href":"https:\/\/stahlblut.de\/index.php?rest_route=\/wp\/v2\/pages\/253\/revisions\/265"}],"wp:featuredmedia":[{"embeddable":true,"href":"https:\/\/stahlblut.de\/index.php?rest_route=\/wp\/v2\/media\/250"}],"wp:attachment":[{"href":"https:\/\/stahlblut.de\/index.php?rest_route=%2Fwp%2Fv2%2Fmedia&parent=253"}],"curies":[{"name":"wp","href":"https:\/\/api.w.org\/{rel}","templated":true}]}}