{"id":217,"date":"2025-08-16T12:15:06","date_gmt":"2025-08-16T10:15:06","guid":{"rendered":"https:\/\/stahlblut.de\/?page_id=217"},"modified":"2025-08-22T17:33:29","modified_gmt":"2025-08-22T15:33:29","slug":"block-0009","status":"publish","type":"page","link":"https:\/\/stahlblut.de\/?page_id=217","title":{"rendered":"Block 0009"},"content":{"rendered":"\n<p>Die 9. von maximal 9999 Bitcoin Block Leuchten<\/p>\n\n\n\n<figure class=\"wp-block-gallery has-nested-images columns-default is-cropped wp-block-gallery-1 is-layout-flex wp-block-gallery-is-layout-flex\">\n<figure data-wp-context=\"{&quot;imageId&quot;:&quot;69e1b6bbb0544&quot;}\" data-wp-interactive=\"core\/image\" data-wp-key=\"69e1b6bbb0544\" class=\"wp-block-image size-large wp-lightbox-container\"><img loading=\"lazy\" decoding=\"async\" width=\"1024\" height=\"949\" data-wp-class--hide=\"state.isContentHidden\" data-wp-class--show=\"state.isContentVisible\" data-wp-init=\"callbacks.setButtonStyles\" data-wp-on--click=\"actions.showLightbox\" data-wp-on--load=\"callbacks.setButtonStyles\" data-wp-on-window--resize=\"callbacks.setButtonStyles\" data-id=\"197\" src=\"https:\/\/stahlblut.de\/wp-content\/uploads\/2025\/08\/block0009unbeleuchtet-1024x949.jpg\" alt=\"\" class=\"wp-image-197\" srcset=\"https:\/\/stahlblut.de\/wp-content\/uploads\/2025\/08\/block0009unbeleuchtet-1024x949.jpg 1024w, https:\/\/stahlblut.de\/wp-content\/uploads\/2025\/08\/block0009unbeleuchtet-300x278.jpg 300w, https:\/\/stahlblut.de\/wp-content\/uploads\/2025\/08\/block0009unbeleuchtet-768x711.jpg 768w, https:\/\/stahlblut.de\/wp-content\/uploads\/2025\/08\/block0009unbeleuchtet-1536x1423.jpg 1536w, https:\/\/stahlblut.de\/wp-content\/uploads\/2025\/08\/block0009unbeleuchtet.jpg 2037w\" sizes=\"auto, (max-width: 1024px) 100vw, 1024px\" \/><button\n\t\t\tclass=\"lightbox-trigger\"\n\t\t\ttype=\"button\"\n\t\t\taria-haspopup=\"dialog\"\n\t\t\taria-label=\"Vergr\u00f6\u00dfern\"\n\t\t\tdata-wp-init=\"callbacks.initTriggerButton\"\n\t\t\tdata-wp-on--click=\"actions.showLightbox\"\n\t\t\tdata-wp-style--right=\"state.imageButtonRight\"\n\t\t\tdata-wp-style--top=\"state.imageButtonTop\"\n\t\t>\n\t\t\t<svg xmlns=\"http:\/\/www.w3.org\/2000\/svg\" width=\"12\" height=\"12\" fill=\"none\" viewBox=\"0 0 12 12\">\n\t\t\t\t<path fill=\"#fff\" d=\"M2 0a2 2 0 0 0-2 2v2h1.5V2a.5.5 0 0 1 .5-.5h2V0H2Zm2 10.5H2a.5.5 0 0 1-.5-.5V8H0v2a2 2 0 0 0 2 2h2v-1.5ZM8 12v-1.5h2a.5.5 0 0 0 .5-.5V8H12v2a2 2 0 0 1-2 2H8Zm2-12a2 2 0 0 1 2 2v2h-1.5V2a.5.5 0 0 0-.5-.5H8V0h2Z\" \/>\n\t\t\t<\/svg>\n\t\t<\/button><figcaption class=\"wp-element-caption\">Block 0009<\/figcaption><\/figure>\n\n\n\n<figure data-wp-context=\"{&quot;imageId&quot;:&quot;69e1b6bbb08b9&quot;}\" data-wp-interactive=\"core\/image\" data-wp-key=\"69e1b6bbb08b9\" class=\"wp-block-image size-large wp-lightbox-container\"><img loading=\"lazy\" decoding=\"async\" width=\"1024\" height=\"979\" data-wp-class--hide=\"state.isContentHidden\" data-wp-class--show=\"state.isContentVisible\" data-wp-init=\"callbacks.setButtonStyles\" data-wp-on--click=\"actions.showLightbox\" data-wp-on--load=\"callbacks.setButtonStyles\" data-wp-on-window--resize=\"callbacks.setButtonStyles\" data-id=\"195\" src=\"https:\/\/stahlblut.de\/wp-content\/uploads\/2025\/08\/block0009beleuchtet-1024x979.jpg\" alt=\"\" class=\"wp-image-195\" srcset=\"https:\/\/stahlblut.de\/wp-content\/uploads\/2025\/08\/block0009beleuchtet-1024x979.jpg 1024w, https:\/\/stahlblut.de\/wp-content\/uploads\/2025\/08\/block0009beleuchtet-300x287.jpg 300w, https:\/\/stahlblut.de\/wp-content\/uploads\/2025\/08\/block0009beleuchtet-768x735.jpg 768w, https:\/\/stahlblut.de\/wp-content\/uploads\/2025\/08\/block0009beleuchtet-1536x1469.jpg 1536w, https:\/\/stahlblut.de\/wp-content\/uploads\/2025\/08\/block0009beleuchtet.jpg 1973w\" sizes=\"auto, (max-width: 1024px) 100vw, 1024px\" \/><button\n\t\t\tclass=\"lightbox-trigger\"\n\t\t\ttype=\"button\"\n\t\t\taria-haspopup=\"dialog\"\n\t\t\taria-label=\"Vergr\u00f6\u00dfern\"\n\t\t\tdata-wp-init=\"callbacks.initTriggerButton\"\n\t\t\tdata-wp-on--click=\"actions.showLightbox\"\n\t\t\tdata-wp-style--right=\"state.imageButtonRight\"\n\t\t\tdata-wp-style--top=\"state.imageButtonTop\"\n\t\t>\n\t\t\t<svg xmlns=\"http:\/\/www.w3.org\/2000\/svg\" width=\"12\" height=\"12\" fill=\"none\" viewBox=\"0 0 12 12\">\n\t\t\t\t<path fill=\"#fff\" d=\"M2 0a2 2 0 0 0-2 2v2h1.5V2a.5.5 0 0 1 .5-.5h2V0H2Zm2 10.5H2a.5.5 0 0 1-.5-.5V8H0v2a2 2 0 0 0 2 2h2v-1.5ZM8 12v-1.5h2a.5.5 0 0 0 .5-.5V8H12v2a2 2 0 0 1-2 2H8Zm2-12a2 2 0 0 1 2 2v2h-1.5V2a.5.5 0 0 0-.5-.5H8V0h2Z\" \/>\n\t\t\t<\/svg>\n\t\t<\/button><figcaption class=\"wp-element-caption\">Block 0009<\/figcaption><\/figure>\n\n\n\n<figure data-wp-context=\"{&quot;imageId&quot;:&quot;69e1b6bbb0b6b&quot;}\" data-wp-interactive=\"core\/image\" data-wp-key=\"69e1b6bbb0b6b\" class=\"wp-block-image size-large wp-lightbox-container\"><img loading=\"lazy\" decoding=\"async\" width=\"1024\" height=\"981\" data-wp-class--hide=\"state.isContentHidden\" data-wp-class--show=\"state.isContentVisible\" data-wp-init=\"callbacks.setButtonStyles\" data-wp-on--click=\"actions.showLightbox\" data-wp-on--load=\"callbacks.setButtonStyles\" data-wp-on-window--resize=\"callbacks.setButtonStyles\" data-id=\"196\" src=\"https:\/\/stahlblut.de\/wp-content\/uploads\/2025\/08\/block0009hinten-1024x981.jpg\" alt=\"\" class=\"wp-image-196\" srcset=\"https:\/\/stahlblut.de\/wp-content\/uploads\/2025\/08\/block0009hinten-1024x981.jpg 1024w, https:\/\/stahlblut.de\/wp-content\/uploads\/2025\/08\/block0009hinten-300x288.jpg 300w, https:\/\/stahlblut.de\/wp-content\/uploads\/2025\/08\/block0009hinten-768x736.jpg 768w, https:\/\/stahlblut.de\/wp-content\/uploads\/2025\/08\/block0009hinten-1536x1472.jpg 1536w, https:\/\/stahlblut.de\/wp-content\/uploads\/2025\/08\/block0009hinten.jpg 1969w\" sizes=\"auto, (max-width: 1024px) 100vw, 1024px\" \/><button\n\t\t\tclass=\"lightbox-trigger\"\n\t\t\ttype=\"button\"\n\t\t\taria-haspopup=\"dialog\"\n\t\t\taria-label=\"Vergr\u00f6\u00dfern\"\n\t\t\tdata-wp-init=\"callbacks.initTriggerButton\"\n\t\t\tdata-wp-on--click=\"actions.showLightbox\"\n\t\t\tdata-wp-style--right=\"state.imageButtonRight\"\n\t\t\tdata-wp-style--top=\"state.imageButtonTop\"\n\t\t>\n\t\t\t<svg xmlns=\"http:\/\/www.w3.org\/2000\/svg\" width=\"12\" height=\"12\" fill=\"none\" viewBox=\"0 0 12 12\">\n\t\t\t\t<path fill=\"#fff\" d=\"M2 0a2 2 0 0 0-2 2v2h1.5V2a.5.5 0 0 1 .5-.5h2V0H2Zm2 10.5H2a.5.5 0 0 1-.5-.5V8H0v2a2 2 0 0 0 2 2h2v-1.5ZM8 12v-1.5h2a.5.5 0 0 0 .5-.5V8H12v2a2 2 0 0 1-2 2H8Zm2-12a2 2 0 0 1 2 2v2h-1.5V2a.5.5 0 0 0-.5-.5H8V0h2Z\" \/>\n\t\t\t<\/svg>\n\t\t<\/button><figcaption class=\"wp-element-caption\">Block 0009<\/figcaption><\/figure>\n<\/figure>\n\n\n\n<p>Gr\u00f6\u00dfe: 25 x 25 cm<\/p>\n\n\n\n<p>Datum: 08.2025<\/p>\n\n\n\n<p>K\u00fcnstler: Michael Breunig<\/p>\n\n\n\n<p>Block: 0009<\/p>\n\n\n\n<p>Preis: 79,00 Euro \/ 0,00078 Bitcoin<\/p>\n\n\n\n<p>Schreibe in den Kommentar, wie ich dich erreichen kann, wenn Du diese Leuchte erwerben m\u00f6chtest. <strong>Der Kommentar wird nicht ver\u00f6ffentlicht<\/strong>.<\/p>\n\n\n\n<div class=\"wp-block-buttons is-content-justification-center is-layout-flex wp-container-core-buttons-is-layout-a89b3969 wp-block-buttons-is-layout-flex\">\n<div class=\"wp-block-button\"><a class=\"wp-block-button__link has-accent-3-background-color has-background wp-element-button\" href=\"https:\/\/stahlblut.de\/?page_id=207\">Block 0008<\/a><\/div>\n\n\n\n<div class=\"wp-block-button\"><a class=\"wp-block-button__link has-accent-3-background-color has-background wp-element-button\" href=\"https:\/\/stahlblut.de\/?page_id=227\">Block 0010<\/a><\/div>\n<\/div>\n\n\n\n<div class=\"wp-block-comments\">\n\n\t<div id=\"respond\" class=\"comment-respond wp-block-post-comments-form\">\n\t\t<h3 id=\"reply-title\" class=\"comment-reply-title\">Schreibe einen Kommentar<\/h3><form action=\"https:\/\/stahlblut.de\/wp-comments-post.php\" method=\"post\" id=\"commentform\" class=\"comment-form\"><p class=\"comment-notes\"><span id=\"email-notes\">Deine E-Mail-Adresse wird nicht ver\u00f6ffentlicht.<\/span> <span class=\"required-field-message\">Erforderliche Felder sind mit <span class=\"required\">*<\/span> markiert<\/span><\/p><p class=\"comment-form-comment\"><label for=\"comment\">Kommentar <span class=\"required\">*<\/span><\/label> <textarea id=\"comment\" name=\"comment\" cols=\"45\" rows=\"8\" maxlength=\"65525\" required><\/textarea><\/p><p class=\"comment-form-author\"><label for=\"author\">Name <span class=\"required\">*<\/span><\/label> <input id=\"author\" name=\"author\" type=\"text\" value=\"\" size=\"30\" maxlength=\"245\" autocomplete=\"name\" required \/><\/p>\n<p class=\"comment-form-email\"><label for=\"email\">E-Mail-Adresse <span class=\"required\">*<\/span><\/label> <input id=\"email\" name=\"email\" type=\"email\" value=\"\" size=\"30\" maxlength=\"100\" aria-describedby=\"email-notes\" autocomplete=\"email\" required \/><\/p>\n<p class=\"comment-form-url\"><label for=\"url\">Website<\/label> <input id=\"url\" name=\"url\" type=\"url\" value=\"\" size=\"30\" maxlength=\"200\" autocomplete=\"url\" \/><\/p>\n<p class=\"comment-form-cookies-consent\"><input id=\"wp-comment-cookies-consent\" name=\"wp-comment-cookies-consent\" type=\"checkbox\" value=\"yes\" \/> <label for=\"wp-comment-cookies-consent\">Meinen Namen, meine E-Mail-Adresse und meine Website in diesem Browser f\u00fcr die n\u00e4chste Kommentierung speichern.<\/label><\/p>\n<p class=\"form-submit wp-block-button\"><input name=\"submit\" type=\"submit\" id=\"submit\" class=\"wp-block-button__link wp-element-button\" value=\"Kommentar abschicken\" \/> <input type='hidden' name='comment_post_ID' value='217' id='comment_post_ID' \/>\n<input type='hidden' name='comment_parent' id='comment_parent' value='0' \/>\n<\/p><\/form>\t<\/div><!-- #respond -->\n\t<\/div>\n","protected":false},"excerpt":{"rendered":"<p>Die 9. von maximal 9999 Bitcoin Block Leuchten Gr\u00f6\u00dfe: 25 x 25 cm Datum: 08.2025 K\u00fcnstler: Michael Breunig Block: 0009 Preis: 79,00 Euro \/ 0,00078 Bitcoin Schreibe in den Kommentar, wie ich dich erreichen kann, wenn Du diese Leuchte erwerben m\u00f6chtest. Der Kommentar wird nicht ver\u00f6ffentlicht.<\/p>\n","protected":false},"author":1,"featured_media":0,"parent":0,"menu_order":0,"comment_status":"open","ping_status":"closed","template":"","meta":{"footnotes":""},"class_list":["post-217","page","type-page","status-publish","hentry"],"_links":{"self":[{"href":"https:\/\/stahlblut.de\/index.php?rest_route=\/wp\/v2\/pages\/217","targetHints":{"allow":["GET"]}}],"collection":[{"href":"https:\/\/stahlblut.de\/index.php?rest_route=\/wp\/v2\/pages"}],"about":[{"href":"https:\/\/stahlblut.de\/index.php?rest_route=\/wp\/v2\/types\/page"}],"author":[{"embeddable":true,"href":"https:\/\/stahlblut.de\/index.php?rest_route=\/wp\/v2\/users\/1"}],"replies":[{"embeddable":true,"href":"https:\/\/stahlblut.de\/index.php?rest_route=%2Fwp%2Fv2%2Fcomments&post=217"}],"version-history":[{"count":7,"href":"https:\/\/stahlblut.de\/index.php?rest_route=\/wp\/v2\/pages\/217\/revisions"}],"predecessor-version":[{"id":301,"href":"https:\/\/stahlblut.de\/index.php?rest_route=\/wp\/v2\/pages\/217\/revisions\/301"}],"wp:attachment":[{"href":"https:\/\/stahlblut.de\/index.php?rest_route=%2Fwp%2Fv2%2Fmedia&parent=217"}],"curies":[{"name":"wp","href":"https:\/\/api.w.org\/{rel}","templated":true}]}}