{"id":112,"date":"2025-08-16T09:45:57","date_gmt":"2025-08-16T07:45:57","guid":{"rendered":"https:\/\/stahlblut.de\/?page_id=112"},"modified":"2025-08-22T17:25:36","modified_gmt":"2025-08-22T15:25:36","slug":"block-0001","status":"publish","type":"page","link":"https:\/\/stahlblut.de\/?page_id=112","title":{"rendered":"Block 0001"},"content":{"rendered":"\n<p>Die 1. von 9999 Bitcoin Block Leuchten<\/p>\n\n\n\n<figure class=\"wp-block-gallery has-nested-images columns-default is-cropped wp-block-gallery-1 is-layout-flex wp-block-gallery-is-layout-flex\">\n<figure data-wp-context=\"{&quot;imageId&quot;:&quot;69e7a8ac0927f&quot;}\" data-wp-interactive=\"core\/image\" data-wp-key=\"69e7a8ac0927f\" class=\"wp-block-image size-large wp-lightbox-container\"><img loading=\"lazy\" decoding=\"async\" width=\"1024\" height=\"1024\" data-wp-class--hide=\"state.isContentHidden\" data-wp-class--show=\"state.isContentVisible\" data-wp-init=\"callbacks.setButtonStyles\" data-wp-on--click=\"actions.showLightbox\" data-wp-on--load=\"callbacks.setButtonStyles\" data-wp-on-window--resize=\"callbacks.setButtonStyles\" data-id=\"49\" src=\"https:\/\/stahlblut.de\/wp-content\/uploads\/2025\/08\/block0001unbeleuchtet-1024x1024.jpg\" alt=\"\" class=\"wp-image-49\" srcset=\"https:\/\/stahlblut.de\/wp-content\/uploads\/2025\/08\/block0001unbeleuchtet-1024x1024.jpg 1024w, https:\/\/stahlblut.de\/wp-content\/uploads\/2025\/08\/block0001unbeleuchtet-300x300.jpg 300w, https:\/\/stahlblut.de\/wp-content\/uploads\/2025\/08\/block0001unbeleuchtet-150x150.jpg 150w, https:\/\/stahlblut.de\/wp-content\/uploads\/2025\/08\/block0001unbeleuchtet-768x768.jpg 768w, https:\/\/stahlblut.de\/wp-content\/uploads\/2025\/08\/block0001unbeleuchtet.jpg 1280w\" sizes=\"auto, (max-width: 1024px) 100vw, 1024px\" \/><button\n\t\t\tclass=\"lightbox-trigger\"\n\t\t\ttype=\"button\"\n\t\t\taria-haspopup=\"dialog\"\n\t\t\taria-label=\"Vergr\u00f6\u00dfern\"\n\t\t\tdata-wp-init=\"callbacks.initTriggerButton\"\n\t\t\tdata-wp-on--click=\"actions.showLightbox\"\n\t\t\tdata-wp-style--right=\"state.imageButtonRight\"\n\t\t\tdata-wp-style--top=\"state.imageButtonTop\"\n\t\t>\n\t\t\t<svg xmlns=\"http:\/\/www.w3.org\/2000\/svg\" width=\"12\" height=\"12\" fill=\"none\" viewBox=\"0 0 12 12\">\n\t\t\t\t<path fill=\"#fff\" d=\"M2 0a2 2 0 0 0-2 2v2h1.5V2a.5.5 0 0 1 .5-.5h2V0H2Zm2 10.5H2a.5.5 0 0 1-.5-.5V8H0v2a2 2 0 0 0 2 2h2v-1.5ZM8 12v-1.5h2a.5.5 0 0 0 .5-.5V8H12v2a2 2 0 0 1-2 2H8Zm2-12a2 2 0 0 1 2 2v2h-1.5V2a.5.5 0 0 0-.5-.5H8V0h2Z\" \/>\n\t\t\t<\/svg>\n\t\t<\/button><figcaption class=\"wp-element-caption\">Block 0001<\/figcaption><\/figure>\n\n\n\n<figure data-wp-context=\"{&quot;imageId&quot;:&quot;69e7a8ac09655&quot;}\" data-wp-interactive=\"core\/image\" data-wp-key=\"69e7a8ac09655\" class=\"wp-block-image size-large wp-lightbox-container\"><img loading=\"lazy\" decoding=\"async\" width=\"1024\" height=\"1024\" data-wp-class--hide=\"state.isContentHidden\" data-wp-class--show=\"state.isContentVisible\" data-wp-init=\"callbacks.setButtonStyles\" data-wp-on--click=\"actions.showLightbox\" data-wp-on--load=\"callbacks.setButtonStyles\" data-wp-on-window--resize=\"callbacks.setButtonStyles\" data-id=\"258\" src=\"https:\/\/stahlblut.de\/wp-content\/uploads\/2025\/08\/block0001beleuchtet-1-1024x1024.jpg\" alt=\"\" class=\"wp-image-258\" srcset=\"https:\/\/stahlblut.de\/wp-content\/uploads\/2025\/08\/block0001beleuchtet-1-1024x1024.jpg 1024w, https:\/\/stahlblut.de\/wp-content\/uploads\/2025\/08\/block0001beleuchtet-1-300x300.jpg 300w, https:\/\/stahlblut.de\/wp-content\/uploads\/2025\/08\/block0001beleuchtet-1-150x150.jpg 150w, https:\/\/stahlblut.de\/wp-content\/uploads\/2025\/08\/block0001beleuchtet-1-768x768.jpg 768w, https:\/\/stahlblut.de\/wp-content\/uploads\/2025\/08\/block0001beleuchtet-1.jpg 1280w\" sizes=\"auto, (max-width: 1024px) 100vw, 1024px\" \/><button\n\t\t\tclass=\"lightbox-trigger\"\n\t\t\ttype=\"button\"\n\t\t\taria-haspopup=\"dialog\"\n\t\t\taria-label=\"Vergr\u00f6\u00dfern\"\n\t\t\tdata-wp-init=\"callbacks.initTriggerButton\"\n\t\t\tdata-wp-on--click=\"actions.showLightbox\"\n\t\t\tdata-wp-style--right=\"state.imageButtonRight\"\n\t\t\tdata-wp-style--top=\"state.imageButtonTop\"\n\t\t>\n\t\t\t<svg xmlns=\"http:\/\/www.w3.org\/2000\/svg\" width=\"12\" height=\"12\" fill=\"none\" viewBox=\"0 0 12 12\">\n\t\t\t\t<path fill=\"#fff\" d=\"M2 0a2 2 0 0 0-2 2v2h1.5V2a.5.5 0 0 1 .5-.5h2V0H2Zm2 10.5H2a.5.5 0 0 1-.5-.5V8H0v2a2 2 0 0 0 2 2h2v-1.5ZM8 12v-1.5h2a.5.5 0 0 0 .5-.5V8H12v2a2 2 0 0 1-2 2H8Zm2-12a2 2 0 0 1 2 2v2h-1.5V2a.5.5 0 0 0-.5-.5H8V0h2Z\" \/>\n\t\t\t<\/svg>\n\t\t<\/button><figcaption class=\"wp-element-caption\">Block 0001<\/figcaption><\/figure>\n\n\n\n<figure data-wp-context=\"{&quot;imageId&quot;:&quot;69e7a8ac09946&quot;}\" data-wp-interactive=\"core\/image\" data-wp-key=\"69e7a8ac09946\" class=\"wp-block-image size-large wp-lightbox-container\"><img loading=\"lazy\" decoding=\"async\" width=\"1024\" height=\"1011\" data-wp-class--hide=\"state.isContentHidden\" data-wp-class--show=\"state.isContentVisible\" data-wp-init=\"callbacks.setButtonStyles\" data-wp-on--click=\"actions.showLightbox\" data-wp-on--load=\"callbacks.setButtonStyles\" data-wp-on-window--resize=\"callbacks.setButtonStyles\" data-id=\"48\" src=\"https:\/\/stahlblut.de\/wp-content\/uploads\/2025\/08\/block0001hinten-1024x1011.jpg\" alt=\"\" class=\"wp-image-48\" srcset=\"https:\/\/stahlblut.de\/wp-content\/uploads\/2025\/08\/block0001hinten-1024x1011.jpg 1024w, https:\/\/stahlblut.de\/wp-content\/uploads\/2025\/08\/block0001hinten-300x296.jpg 300w, https:\/\/stahlblut.de\/wp-content\/uploads\/2025\/08\/block0001hinten-768x758.jpg 768w, https:\/\/stahlblut.de\/wp-content\/uploads\/2025\/08\/block0001hinten.jpg 1280w\" sizes=\"auto, (max-width: 1024px) 100vw, 1024px\" \/><button\n\t\t\tclass=\"lightbox-trigger\"\n\t\t\ttype=\"button\"\n\t\t\taria-haspopup=\"dialog\"\n\t\t\taria-label=\"Vergr\u00f6\u00dfern\"\n\t\t\tdata-wp-init=\"callbacks.initTriggerButton\"\n\t\t\tdata-wp-on--click=\"actions.showLightbox\"\n\t\t\tdata-wp-style--right=\"state.imageButtonRight\"\n\t\t\tdata-wp-style--top=\"state.imageButtonTop\"\n\t\t>\n\t\t\t<svg xmlns=\"http:\/\/www.w3.org\/2000\/svg\" width=\"12\" height=\"12\" fill=\"none\" viewBox=\"0 0 12 12\">\n\t\t\t\t<path fill=\"#fff\" d=\"M2 0a2 2 0 0 0-2 2v2h1.5V2a.5.5 0 0 1 .5-.5h2V0H2Zm2 10.5H2a.5.5 0 0 1-.5-.5V8H0v2a2 2 0 0 0 2 2h2v-1.5ZM8 12v-1.5h2a.5.5 0 0 0 .5-.5V8H12v2a2 2 0 0 1-2 2H8Zm2-12a2 2 0 0 1 2 2v2h-1.5V2a.5.5 0 0 0-.5-.5H8V0h2Z\" \/>\n\t\t\t<\/svg>\n\t\t<\/button><figcaption class=\"wp-element-caption\">Block 0001<\/figcaption><\/figure>\n<\/figure>\n\n\n\n<p>Gr\u00f6\u00dfe: 25 x 25 cm<\/p>\n\n\n\n<p>Datum: 28.07.2025<\/p>\n\n\n\n<p>K\u00fcnstler: Michael Breunig<\/p>\n\n\n\n<p>Block: 0001<\/p>\n\n\n\n<p>Preis: 79,00 Euro \/ 0,00078 Bitcoin<\/p>\n\n\n\n<p>Schreibe in den Kommentar, wie ich dich erreichen kann, wenn Du diese Leuchte erwerben m\u00f6chtest. <strong>Der Kommentar wird nicht ver\u00f6ffentlicht<\/strong>.<\/p>\n\n\n\n<div class=\"wp-block-buttons is-content-justification-center is-layout-flex wp-container-core-buttons-is-layout-a89b3969 wp-block-buttons-is-layout-flex\">\n<div class=\"wp-block-button is-style-fill\"><a class=\"wp-block-button__link has-accent-3-background-color has-background wp-element-button\" href=\"https:\/\/stahlblut.de\/?page_id=117\">Block 0002<\/a><\/div>\n<\/div>\n","protected":false},"excerpt":{"rendered":"<p>Die 1. von 9999 Bitcoin Block Leuchten Gr\u00f6\u00dfe: 25 x 25 cm Datum: 28.07.2025 K\u00fcnstler: Michael Breunig Block: 0001 Preis: 79,00 Euro \/ 0,00078 Bitcoin Schreibe in den Kommentar, wie ich dich erreichen kann, wenn Du diese Leuchte erwerben m\u00f6chtest. Der Kommentar wird nicht ver\u00f6ffentlicht.<\/p>\n","protected":false},"author":1,"featured_media":0,"parent":0,"menu_order":0,"comment_status":"closed","ping_status":"closed","template":"","meta":{"footnotes":""},"class_list":["post-112","page","type-page","status-publish","hentry"],"_links":{"self":[{"href":"https:\/\/stahlblut.de\/index.php?rest_route=\/wp\/v2\/pages\/112","targetHints":{"allow":["GET"]}}],"collection":[{"href":"https:\/\/stahlblut.de\/index.php?rest_route=\/wp\/v2\/pages"}],"about":[{"href":"https:\/\/stahlblut.de\/index.php?rest_route=\/wp\/v2\/types\/page"}],"author":[{"embeddable":true,"href":"https:\/\/stahlblut.de\/index.php?rest_route=\/wp\/v2\/users\/1"}],"replies":[{"embeddable":true,"href":"https:\/\/stahlblut.de\/index.php?rest_route=%2Fwp%2Fv2%2Fcomments&post=112"}],"version-history":[{"count":9,"href":"https:\/\/stahlblut.de\/index.php?rest_route=\/wp\/v2\/pages\/112\/revisions"}],"predecessor-version":[{"id":282,"href":"https:\/\/stahlblut.de\/index.php?rest_route=\/wp\/v2\/pages\/112\/revisions\/282"}],"wp:attachment":[{"href":"https:\/\/stahlblut.de\/index.php?rest_route=%2Fwp%2Fv2%2Fmedia&parent=112"}],"curies":[{"name":"wp","href":"https:\/\/api.w.org\/{rel}","templated":true}]}}